{"id":850,"date":"2017-07-26T17:52:50","date_gmt":"2017-07-26T17:52:50","guid":{"rendered":"http:\/\/www.lohse-haarkosmetik.de\/?page_id=850"},"modified":"2025-05-23T13:20:52","modified_gmt":"2025-05-23T13:20:52","slug":"impressum","status":"publish","type":"page","link":"https:\/\/www.lohse-haarkosmetik.de\/?page_id=850","title":{"rendered":"Impressum"},"content":{"rendered":"<div class=\"fusion-fullwidth fullwidth-box fusion-builder-row-1 nonhundred-percent-fullwidth non-hundred-percent-height-scrolling\" style=\"background-color: rgba(255,255,255,0);background-position: center center;background-repeat: no-repeat;padding-top:0px;padding-right:0px;padding-bottom:0px;padding-left:0px;margin-bottom: 0px;margin-top: 0px;border-width: 0px 0px 0px 0px;border-color:#eae9e9;border-style:solid;\" ><div class=\"fusion-builder-row fusion-row\"><div class=\"fusion-layout-column fusion_builder_column fusion-builder-column-0 fusion_builder_column_1_1 1_1 fusion-one-full fusion-column-first fusion-column-last\" style=\"margin-top:15px;margin-bottom:15px;\"><div class=\"fusion-column-wrapper fusion-flex-column-wrapper-legacy\" style=\"background-position:left top;background-repeat:no-repeat;-webkit-background-size:cover;-moz-background-size:cover;-o-background-size:cover;background-size:cover;padding: 0px 0px 0px 0px;\"><div class=\"fusion-text fusion-text-1\"><div class=\"wrap\">\n<div class=\"main\">\n<h1 data-fontsize=\"50\" style=\"--fontSize: 50; line-height: 1.16;\" data-lineheight=\"58px\" class=\"fusion-responsive-typography-calculated\">Impressum<\/h1>\n<h2 data-fontsize=\"32\" style=\"--fontSize: 32; line-height: 1.16; --minFontSize: 32;\" data-lineheight=\"37.12px\" class=\"fusion-responsive-typography-calculated\">J\u00fcrgen Lohse e.K., Haarkosmetik<\/h2>\n<p>Hansastra\u00dfe 87<br \/>\n49134 Wallenhorst<\/p>\n<p>Telefon: (05407) 4711<br \/>\nTelefax: (05407) 4393<br \/>\nE-Mail: <a href=\"mailto:info@lohse-haarkosmetik.de\">info@lohse-haarkosmetik.de<\/a><br \/>\nWeb: www.lohse-haarkosmetik.de<\/p>\n<p>Amtsgericht Osnabr\u00fcck, HRA 3442<br \/>\nUmsatzsteuer-ID-Nr.: DE401683406<\/p>\n<h3 data-fontsize=\"32\" style=\"--fontSize: 32; line-height: 1.25; --minFontSize: 32;\" data-lineheight=\"40px\" class=\"fusion-responsive-typography-calculated\">Pers\u00f6nlich haftender Gesellschafter:<\/h3>\n<p>J\u00fcrgen Lohse e. K., Haarkosmetik<br \/>\nAmtsgericht Osnabr\u00fcck, HRA 3442<\/p>\n<p>Gesch\u00e4ftsf\u00fchrerin: Christa-Maria Lohse<\/p>\n<h3 data-fontsize=\"32\" style=\"--fontSize: 32; line-height: 1.25; --minFontSize: 32;\" data-lineheight=\"40px\" class=\"fusion-responsive-typography-calculated\">Haftungshinweis<\/h3>\n<p>Trotz sorgf\u00e4ltiger inhaltlicher Kontrolle \u00fcbernehmen wir keine Haftung f\u00fcr die Inhalte externer Links. F\u00fcr den Inhalt der verlinkten Seiten sind ausschlie\u00dflich deren Betreiber verantwortlich.<\/p>\n<h3 data-fontsize=\"32\" style=\"--fontSize: 32; line-height: 1.25; --minFontSize: 32;\" data-lineheight=\"40px\" class=\"fusion-responsive-typography-calculated\">Copyright<\/h3>\n<p>Alle Rechte vorbehalten. Text, Bilder, Grafiken, Sound, Animationen und Videos sowie deren Anordnung auf der Lohse Haarkosmetik Website unterliegen dem Schutz des Urheberrechts und anderer Schutzgesetze. Der Inhalt dieser Website darf nicht zu kommerziellen Zwecken kopiert, verbreitet, ver\u00e4ndert oder Dritten zug\u00e4nglich gemacht werden. Die Lohse Haarkosmetik Website enth\u00e4lt au\u00dferdem Bilder, die dem Copyright Dritter unterliegen.<\/p>\n<p>Diese Website wurde mit gr\u00f6\u00dftm\u00f6glicher Sorgfalt zusammengestellt. Trotzdem kann die J\u00fcrgen Lohse e. K., Haarkosmetik f\u00fcr die Fehlerfreiheit und Genauigkeit der enthaltenen Informationen nicht garantieren. Die J\u00fcrgen Lohse e. K., Haarkosmetik schlie\u00dft jegliche Haftung f\u00fcr Sch\u00e4den, die direkt oder indirekt aus der Benutzung dieser Website entstehen, aus, soweit diese nicht auf Vorsatz oder grober Fahrl\u00e4ssigkeit von der J\u00fcrgen Lohse e. K., Haarkosmetik beruhen.<\/p>\n<p>Die LOHSE HAARKOSMETIK KG m\u00f6chte sich Ihnen mit einer innovativen und informativen Website pr\u00e4sentieren. Wir hoffen, dass Sie ebenso wie wir von dieser Website begeistert sind. Das darin enthaltene geistige Eigentum wie Patente, Marken und Urheberrechte ist gesch\u00fctzt. Durch diese Website wird keine Lizenz zur Nutzung des geistigen Eigentums der J\u00fcrgen Lohse e. K., Haarkosmetik oder Dritten erteilt.<\/p>\n<\/div>\n<h3 data-fontsize=\"32\" style=\"--fontSize: 32; line-height: 1.25; --minFontSize: 32;\" data-lineheight=\"40px\" class=\"fusion-responsive-typography-calculated\"><span class=\"st\">Allgemeine Lieferbedingungen<\/span><\/h3>\n<p>Unsere allgemeinen Lieferbedingungen finden Sie <a href=\"https:\/\/www.lohse-haarkosmetik.de\/wp-content\/uploads\/2017\/10\/Allgemeine-Lieferbedingungen-Lohse.pdf\" target=\"_blank\" rel=\"noopener noreferrer\">hier<\/a>.<\/p>\n<\/div>\n<\/div><div class=\"fusion-clearfix\"><\/div><\/div><\/div><\/div><\/div>\n","protected":false},"excerpt":{"rendered":"","protected":false},"author":1,"featured_media":0,"parent":0,"menu_order":0,"comment_status":"closed","ping_status":"closed","template":"","meta":{"footnotes":""},"class_list":["post-850","page","type-page","status-publish","hentry"],"_links":{"self":[{"href":"https:\/\/www.lohse-haarkosmetik.de\/index.php?rest_route=\/wp\/v2\/pages\/850","targetHints":{"allow":["GET"]}}],"collection":[{"href":"https:\/\/www.lohse-haarkosmetik.de\/index.php?rest_route=\/wp\/v2\/pages"}],"about":[{"href":"https:\/\/www.lohse-haarkosmetik.de\/index.php?rest_route=\/wp\/v2\/types\/page"}],"author":[{"embeddable":true,"href":"https:\/\/www.lohse-haarkosmetik.de\/index.php?rest_route=\/wp\/v2\/users\/1"}],"replies":[{"embeddable":true,"href":"https:\/\/www.lohse-haarkosmetik.de\/index.php?rest_route=%2Fwp%2Fv2%2Fcomments&post=850"}],"version-history":[{"count":10,"href":"https:\/\/www.lohse-haarkosmetik.de\/index.php?rest_route=\/wp\/v2\/pages\/850\/revisions"}],"predecessor-version":[{"id":1031,"href":"https:\/\/www.lohse-haarkosmetik.de\/index.php?rest_route=\/wp\/v2\/pages\/850\/revisions\/1031"}],"wp:attachment":[{"href":"https:\/\/www.lohse-haarkosmetik.de\/index.php?rest_route=%2Fwp%2Fv2%2Fmedia&parent=850"}],"curies":[{"name":"wp","href":"https:\/\/api.w.org\/{rel}","templated":true}]}}